{"id":18,"date":"2024-10-01T09:41:33","date_gmt":"2024-10-01T09:41:33","guid":{"rendered":"https:\/\/barmadariaga.rkinformatika.online\/?page_id=18"},"modified":"2025-04-01T16:17:24","modified_gmt":"2025-04-01T16:17:24","slug":"productos","status":"publish","type":"page","link":"https:\/\/makawakirolak.com\/eu\/productos\/","title":{"rendered":"Produktuak"},"content":{"rendered":"<div data-elementor-type=\"wp-page\" data-elementor-id=\"18\" class=\"elementor elementor-18\" data-elementor-post-type=\"page\">\n\t\t\t\t\t\t<section class=\"elementor-section elementor-top-section elementor-element elementor-element-f662159 elementor-section-boxed elementor-section-height-default elementor-section-height-default\" data-id=\"f662159\" data-element_type=\"section\">\n\t\t\t\t\t\t\t<div class=\"elementor-background-overlay\"><\/div>\n\t\t\t\t\t\t\t<div class=\"elementor-container elementor-column-gap-default\">\n\t\t\t\t\t<div class=\"elementor-column elementor-col-100 elementor-top-column elementor-element elementor-element-45d5353\" data-id=\"45d5353\" data-element_type=\"column\">\n\t\t\t<div class=\"elementor-widget-wrap\">\n\t\t\t\t\t\t\t<\/div>\n\t\t<\/div>\n\t\t\t\t\t<\/div>\n\t\t<\/section>\n\t\t<div class=\"elementor-element elementor-element-be92917 e-flex e-con-boxed e-con e-parent\" data-id=\"be92917\" data-element_type=\"container\">\n\t\t\t\t\t<div class=\"e-con-inner\">\n\t\t<div class=\"elementor-element elementor-element-b8d49ac e-con-full e-flex e-con e-child\" data-id=\"b8d49ac\" data-element_type=\"container\">\n\t\t\t\t<div class=\"elementor-element elementor-element-a5cb6e2 elementor-widget elementor-widget-heading\" data-id=\"a5cb6e2\" data-element_type=\"widget\" data-widget_type=\"heading.default\">\n\t\t\t\t<div class=\"elementor-widget-container\">\n\t\t\t\t\t<h2 class=\"elementor-heading-title elementor-size-default\">Zapatillas Deportivas<\/h2>\t\t\t\t<\/div>\n\t\t\t\t<\/div>\n\t\t\t\t<div class=\"elementor-element elementor-element-259394f elementor-widget elementor-widget-text-editor\" data-id=\"259394f\" data-element_type=\"widget\" data-widget_type=\"text-editor.default\">\n\t\t\t\t<div class=\"elementor-widget-container\">\n\t\t\t\t\t\t\t\t\t<ul><li class=\"\" data-start=\"203\" data-end=\"315\"><p class=\"\" data-start=\"205\" data-end=\"315\"><strong data-start=\"205\" data-end=\"216\">Running<\/strong>: Zapatillas con amortiguaci\u00f3n, transpirables y dise\u00f1adas para el m\u00e1ximo confort en cada carrera.<\/p><\/li><li class=\"\" data-start=\"316\" data-end=\"446\"><p class=\"\" data-start=\"318\" data-end=\"446\"><strong data-start=\"318\" data-end=\"342\">F\u00fatbol y F\u00fatbol Sala<\/strong>: Botas con tacos para c\u00e9sped natural, multitaco para c\u00e9sped artificial y suelas especiales para sala.<\/p><\/li><li class=\"\" data-start=\"447\" data-end=\"553\"><p class=\"\" data-start=\"449\" data-end=\"553\"><strong data-start=\"449\" data-end=\"463\">Baloncesto<\/strong>: Zapatillas con sujeci\u00f3n y amortiguaci\u00f3n \u00f3ptima para un mejor rendimiento en la cancha.<\/p><\/li><li class=\"\" data-start=\"554\" data-end=\"661\"><p class=\"\" data-start=\"556\" data-end=\"661\"><strong data-start=\"556\" data-end=\"578\">Casual &amp; Lifestyle<\/strong>: Sneakers y zapatillas urbanas para un look deportivo y moderno en tu d\u00eda a d\u00eda.<\/p><\/li><li class=\"\" data-start=\"662\" data-end=\"774\"><p class=\"\" data-start=\"664\" data-end=\"774\"><strong data-start=\"664\" data-end=\"685\">Outdoor y Monta\u00f1a<\/strong>: Zapatillas resistentes y con gran agarre para senderismo y actividades al aire libre.<\/p><\/li><\/ul>\t\t\t\t\t\t\t\t<\/div>\n\t\t\t\t<\/div>\n\t\t\t\t<\/div>\n\t\t<div class=\"elementor-element elementor-element-32883c6 e-con-full e-flex e-con e-child\" data-id=\"32883c6\" data-element_type=\"container\">\n\t\t\t\t<div class=\"elementor-element elementor-element-3564e91 elementor-widget elementor-widget-heading\" data-id=\"3564e91\" data-element_type=\"widget\" data-widget_type=\"heading.default\">\n\t\t\t\t<div class=\"elementor-widget-container\">\n\t\t\t\t\t<h2 class=\"elementor-heading-title elementor-size-default\">Ropa Deportiva y de Moda<\/h2>\t\t\t\t<\/div>\n\t\t\t\t<\/div>\n\t\t\t\t<div class=\"elementor-element elementor-element-9ecdfde elementor-widget elementor-widget-text-editor\" data-id=\"9ecdfde\" data-element_type=\"widget\" data-widget_type=\"text-editor.default\">\n\t\t\t\t<div class=\"elementor-widget-container\">\n\t\t\t\t\t\t\t\t\t<ul><li class=\"\" data-start=\"814\" data-end=\"923\"><p class=\"\" data-start=\"816\" data-end=\"923\"><strong data-start=\"816\" data-end=\"838\">Camisetas T\u00e9cnicas<\/strong>: Dise\u00f1adas con materiales transpirables para mayor comodidad durante el ejercicio.<\/p><\/li><li class=\"\" data-start=\"924\" data-end=\"1019\"><p class=\"\" data-start=\"926\" data-end=\"1019\"><strong data-start=\"926\" data-end=\"951\">Sudaderas y Chaquetas<\/strong>: Modelos deportivos y casuales para entrenar o para el d\u00eda a d\u00eda.<\/p><\/li><li class=\"\" data-start=\"1020\" data-end=\"1123\"><p class=\"\" data-start=\"1022\" data-end=\"1123\"><strong data-start=\"1022\" data-end=\"1045\">Pantalones y Mallas<\/strong>: Opciones cortas, largas y ajustadas para adaptarse a cualquier disciplina.<\/p><\/li><li class=\"\" data-start=\"1124\" data-end=\"1217\"><p class=\"\" data-start=\"1126\" data-end=\"1217\"><strong data-start=\"1126\" data-end=\"1151\">Ch\u00e1ndales y Conjuntos<\/strong>: Ideales para entrenamientos y uso casual con estilo deportivo.<\/p><\/li><li class=\"\" data-start=\"1218\" data-end=\"1317\"><p class=\"\" data-start=\"1220\" data-end=\"1317\"><strong data-start=\"1220\" data-end=\"1238\">Ropa Lifestyle<\/strong>: Prendas c\u00f3modas y modernas para lucir un look deportivo fuera del gimnasio.<\/p><\/li><\/ul>\t\t\t\t\t\t\t\t<\/div>\n\t\t\t\t<\/div>\n\t\t\t\t<\/div>\n\t\t\t\t\t<\/div>\n\t\t\t\t<\/div>\n\t\t<div class=\"elementor-element elementor-element-03b669b e-flex e-con-boxed e-con e-parent\" data-id=\"03b669b\" data-element_type=\"container\">\n\t\t\t\t\t<div class=\"e-con-inner\">\n\t\t\t\t<div class=\"elementor-element elementor-element-ccd907d elementor-widget elementor-widget-gallery\" data-id=\"ccd907d\" data-element_type=\"widget\" data-settings=\"{&quot;gallery_layout&quot;:&quot;masonry&quot;,&quot;lazyload&quot;:&quot;yes&quot;,&quot;columns&quot;:4,&quot;columns_tablet&quot;:2,&quot;columns_mobile&quot;:1,&quot;gap&quot;:{&quot;unit&quot;:&quot;px&quot;,&quot;size&quot;:10,&quot;sizes&quot;:[]},&quot;gap_tablet&quot;:{&quot;unit&quot;:&quot;px&quot;,&quot;size&quot;:10,&quot;sizes&quot;:[]},&quot;gap_mobile&quot;:{&quot;unit&quot;:&quot;px&quot;,&quot;size&quot;:10,&quot;sizes&quot;:[]},&quot;link_to&quot;:&quot;file&quot;,&quot;overlay_background&quot;:&quot;yes&quot;,&quot;content_hover_animation&quot;:&quot;fade-in&quot;}\" data-widget_type=\"gallery.default\">\n\t\t\t\t<div class=\"elementor-widget-container\">\n\t\t\t\t\t\t\t<div class=\"elementor-gallery__container\">\n\t\t\t\t\t\t\t<a class=\"e-gallery-item elementor-gallery-item elementor-animated-content\" href=\"https:\/\/makawakirolak.com\/wp-content\/uploads\/2025\/04\/WhatsApp-Image-2025-04-01-at-17.08.47-1.jpeg\" data-elementor-open-lightbox=\"yes\" data-elementor-lightbox-slideshow=\"ccd907d\" data-elementor-lightbox-title=\"WhatsApp Image 2025-04-01 at 17.08.47\" data-e-action-hash=\"#elementor-action%3Aaction%3Dlightbox%26settings%3DeyJpZCI6MTYxMCwidXJsIjoiaHR0cHM6XC9cL21ha2F3YWtpcm9sYWsuY29tXC93cC1jb250ZW50XC91cGxvYWRzXC8yMDI1XC8wNFwvV2hhdHNBcHAtSW1hZ2UtMjAyNS0wNC0wMS1hdC0xNy4wOC40Ny0xLmpwZWciLCJzbGlkZXNob3ciOiJjY2Q5MDdkIn0%3D\">\n\t\t\t\t\t<div class=\"e-gallery-image elementor-gallery-item__image\" data-thumbnail=\"https:\/\/makawakirolak.com\/wp-content\/uploads\/2025\/04\/WhatsApp-Image-2025-04-01-at-17.08.47-1-1157x1536.jpeg\" data-width=\"1157\" data-height=\"1536\" aria-label=\"\" role=\"img\" ><\/div>\n\t\t\t\t\t\t\t\t\t\t\t<div class=\"elementor-gallery-item__overlay\"><\/div>\n\t\t\t\t\t\t\t\t\t\t\t\t\t\t<\/a>\n\t\t\t\t\t\t\t<a class=\"e-gallery-item elementor-gallery-item elementor-animated-content\" href=\"https:\/\/makawakirolak.com\/wp-content\/uploads\/2025\/04\/WhatsApp-Image-2025-04-01-at-17.08.46-1.jpeg\" data-elementor-open-lightbox=\"yes\" data-elementor-lightbox-slideshow=\"ccd907d\" data-elementor-lightbox-title=\"WhatsApp Image 2025-04-01 at 17.08.46\" data-e-action-hash=\"#elementor-action%3Aaction%3Dlightbox%26settings%3DeyJpZCI6MTYxMSwidXJsIjoiaHR0cHM6XC9cL21ha2F3YWtpcm9sYWsuY29tXC93cC1jb250ZW50XC91cGxvYWRzXC8yMDI1XC8wNFwvV2hhdHNBcHAtSW1hZ2UtMjAyNS0wNC0wMS1hdC0xNy4wOC40Ni0xLmpwZWciLCJzbGlkZXNob3ciOiJjY2Q5MDdkIn0%3D\">\n\t\t\t\t\t<div class=\"e-gallery-image elementor-gallery-item__image\" data-thumbnail=\"https:\/\/makawakirolak.com\/wp-content\/uploads\/2025\/04\/WhatsApp-Image-2025-04-01-at-17.08.46-1-1157x1536.jpeg\" data-width=\"1157\" data-height=\"1536\" aria-label=\"\" role=\"img\" ><\/div>\n\t\t\t\t\t\t\t\t\t\t\t<div class=\"elementor-gallery-item__overlay\"><\/div>\n\t\t\t\t\t\t\t\t\t\t\t\t\t\t<\/a>\n\t\t\t\t\t\t\t<a class=\"e-gallery-item elementor-gallery-item elementor-animated-content\" href=\"https:\/\/makawakirolak.com\/wp-content\/uploads\/2025\/04\/WhatsApp-Image-2025-04-01-at-17.08.44.jpeg\" data-elementor-open-lightbox=\"yes\" data-elementor-lightbox-slideshow=\"ccd907d\" data-elementor-lightbox-title=\"WhatsApp Image 2025-04-01 at 17.08.44\" data-e-action-hash=\"#elementor-action%3Aaction%3Dlightbox%26settings%3DeyJpZCI6MTYxMiwidXJsIjoiaHR0cHM6XC9cL21ha2F3YWtpcm9sYWsuY29tXC93cC1jb250ZW50XC91cGxvYWRzXC8yMDI1XC8wNFwvV2hhdHNBcHAtSW1hZ2UtMjAyNS0wNC0wMS1hdC0xNy4wOC40NC5qcGVnIiwic2xpZGVzaG93IjoiY2NkOTA3ZCJ9\">\n\t\t\t\t\t<div class=\"e-gallery-image elementor-gallery-item__image\" data-thumbnail=\"https:\/\/makawakirolak.com\/wp-content\/uploads\/2025\/04\/WhatsApp-Image-2025-04-01-at-17.08.44-1157x1536.jpeg\" data-width=\"1157\" data-height=\"1536\" aria-label=\"\" role=\"img\" ><\/div>\n\t\t\t\t\t\t\t\t\t\t\t<div class=\"elementor-gallery-item__overlay\"><\/div>\n\t\t\t\t\t\t\t\t\t\t\t\t\t\t<\/a>\n\t\t\t\t\t\t\t<a class=\"e-gallery-item elementor-gallery-item elementor-animated-content\" href=\"https:\/\/makawakirolak.com\/wp-content\/uploads\/2025\/04\/WhatsApp-Image-2025-04-01-at-17.08.43-1.jpeg\" data-elementor-open-lightbox=\"yes\" data-elementor-lightbox-slideshow=\"ccd907d\" data-elementor-lightbox-title=\"WhatsApp Image 2025-04-01 at 17.08.43\" data-e-action-hash=\"#elementor-action%3Aaction%3Dlightbox%26settings%3DeyJpZCI6MTYxMywidXJsIjoiaHR0cHM6XC9cL21ha2F3YWtpcm9sYWsuY29tXC93cC1jb250ZW50XC91cGxvYWRzXC8yMDI1XC8wNFwvV2hhdHNBcHAtSW1hZ2UtMjAyNS0wNC0wMS1hdC0xNy4wOC40My0xLmpwZWciLCJzbGlkZXNob3ciOiJjY2Q5MDdkIn0%3D\">\n\t\t\t\t\t<div class=\"e-gallery-image elementor-gallery-item__image\" data-thumbnail=\"https:\/\/makawakirolak.com\/wp-content\/uploads\/2025\/04\/WhatsApp-Image-2025-04-01-at-17.08.43-1-1157x1536.jpeg\" data-width=\"1157\" data-height=\"1536\" aria-label=\"\" role=\"img\" ><\/div>\n\t\t\t\t\t\t\t\t\t\t\t<div class=\"elementor-gallery-item__overlay\"><\/div>\n\t\t\t\t\t\t\t\t\t\t\t\t\t\t<\/a>\n\t\t\t\t\t<\/div>\n\t\t\t\t\t<\/div>\n\t\t\t\t<\/div>\n\t\t\t\t\t<\/div>\n\t\t\t\t<\/div>\n\t\t<div class=\"elementor-element elementor-element-a94dd26 e-flex e-con-boxed e-con e-parent\" data-id=\"a94dd26\" data-element_type=\"container\">\n\t\t\t\t\t<div class=\"e-con-inner\">\n\t\t\t\t<div class=\"elementor-element elementor-element-7c60597 elementor-cta--skin-classic elementor-animated-content elementor-bg-transform elementor-bg-transform-zoom-in elementor-widget elementor-widget-call-to-action\" data-id=\"7c60597\" data-element_type=\"widget\" data-widget_type=\"call-to-action.default\">\n\t\t\t\t<div class=\"elementor-widget-container\">\n\t\t\t\t\t\t\t<div class=\"elementor-cta\">\n\t\t\t\t\t<div class=\"elementor-cta__bg-wrapper\">\n\t\t\t\t<div class=\"elementor-cta__bg elementor-bg\" style=\"background-image: url(https:\/\/makawakirolak.com\/wp-content\/uploads\/2025\/04\/94851-1024x683.jpg);\" role=\"img\" aria-label=\"94851\"><\/div>\n\t\t\t\t<div class=\"elementor-cta__bg-overlay\"><\/div>\n\t\t\t<\/div>\n\t\t\t\t\t\t\t<div class=\"elementor-cta__content\">\n\t\t\t\t\n\t\t\t\t\t\t\t\t\t<h2 class=\"elementor-cta__title elementor-cta__content-item elementor-content-item\">\n\t\t\t\t\t\tTu tienda de deporte y moda deportiva\t\t\t\t\t<\/h2>\n\t\t\t\t\n\t\t\t\t\t\t\t\t\t<div class=\"elementor-cta__description elementor-cta__content-item elementor-content-item\">\n\t\t\t\t\t\tEncuentra zapatillas, ropa deportiva y accesorios de las mejores marcas, ideales para entrenar, competir o simplemente lucir un estilo deportivo en tu d\u00eda a d\u00eda.\t\t\t\t\t<\/div>\n\t\t\t\t\n\t\t\t\t\t\t\t\t\t<div class=\"elementor-cta__button-wrapper elementor-cta__content-item elementor-content-item\">\n\t\t\t\t\t<a class=\"elementor-cta__button elementor-button elementor-size-\" href=\"https:\/\/makawakirolak.com\/eu\/contacto\/\">\n\t\t\t\t\t\tKontaktua\t\t\t\t\t<\/a>\n\t\t\t\t\t<\/div>\n\t\t\t\t\t\t\t<\/div>\n\t\t\t\t\t\t<\/div>\n\t\t\t\t\t\t<\/div>\n\t\t\t\t<\/div>\n\t\t\t\t\t<\/div>\n\t\t\t\t<\/div>\n\t\t\t\t<\/div>","protected":false},"excerpt":{"rendered":"<p>Zapatillas Deportivas Running: Zapatillas con amortiguaci\u00f3n, transpirables y dise\u00f1adas para el m\u00e1ximo confort en cada carrera. F\u00fatbol y F\u00fatbol Sala: Botas con tacos para c\u00e9sped natural, multitaco para c\u00e9sped artificial y suelas especiales para sala. Baloncesto: Zapatillas con sujeci\u00f3n y amortiguaci\u00f3n \u00f3ptima para un mejor rendimiento en la cancha. Casual &amp; Lifestyle: Sneakers y zapatillas [&hellip;]<\/p>","protected":false},"author":5,"featured_media":0,"parent":0,"menu_order":0,"comment_status":"closed","ping_status":"closed","template":"elementor_canvas","meta":{"footnotes":""},"class_list":["post-18","page","type-page","status-publish","hentry"],"yoast_head":"<!-- This site is optimized with the Yoast SEO plugin v26.4 - https:\/\/yoast.com\/wordpress\/plugins\/seo\/ -->\n<title>Productos - Makawa Kirolak<\/title>\n<meta name=\"robots\" content=\"index, follow, max-snippet:-1, max-image-preview:large, max-video-preview:-1\" \/>\n<link rel=\"canonical\" href=\"https:\/\/makawakirolak.com\/eu\/productos\/\" \/>\n<meta property=\"og:locale\" content=\"en_US\" \/>\n<meta property=\"og:type\" content=\"article\" \/>\n<meta property=\"og:title\" content=\"Productos - Makawa Kirolak\" \/>\n<meta property=\"og:description\" content=\"Zapatillas Deportivas Running: Zapatillas con amortiguaci\u00f3n, transpirables y dise\u00f1adas para el m\u00e1ximo confort en cada carrera. F\u00fatbol y F\u00fatbol Sala: Botas con tacos para c\u00e9sped natural, multitaco para c\u00e9sped artificial y suelas especiales para sala. Baloncesto: Zapatillas con sujeci\u00f3n y amortiguaci\u00f3n \u00f3ptima para un mejor rendimiento en la cancha. Casual &amp; Lifestyle: Sneakers y zapatillas [&hellip;]\" \/>\n<meta property=\"og:url\" content=\"https:\/\/makawakirolak.com\/eu\/productos\/\" \/>\n<meta property=\"og:site_name\" content=\"Makawa Kirolak\" \/>\n<meta property=\"article:modified_time\" content=\"2025-04-01T16:17:24+00:00\" \/>\n<meta name=\"twitter:card\" content=\"summary_large_image\" \/>\n<meta name=\"twitter:label1\" content=\"Est. reading time\" \/>\n\t<meta name=\"twitter:data1\" content=\"1 minutua\" \/>\n<script type=\"application\/ld+json\" class=\"yoast-schema-graph\">{\"@context\":\"https:\/\/schema.org\",\"@graph\":[{\"@type\":\"WebPage\",\"@id\":\"https:\/\/makawakirolak.com\/productos\/\",\"url\":\"https:\/\/makawakirolak.com\/productos\/\",\"name\":\"Productos - Makawa Kirolak\",\"isPartOf\":{\"@id\":\"https:\/\/makawakirolak.com\/#website\"},\"datePublished\":\"2024-10-01T09:41:33+00:00\",\"dateModified\":\"2025-04-01T16:17:24+00:00\",\"breadcrumb\":{\"@id\":\"https:\/\/makawakirolak.com\/productos\/#breadcrumb\"},\"inLanguage\":\"eu\",\"potentialAction\":[{\"@type\":\"ReadAction\",\"target\":[\"https:\/\/makawakirolak.com\/productos\/\"]}]},{\"@type\":\"BreadcrumbList\",\"@id\":\"https:\/\/makawakirolak.com\/productos\/#breadcrumb\",\"itemListElement\":[{\"@type\":\"ListItem\",\"position\":1,\"name\":\"Portada\",\"item\":\"https:\/\/makawakirolak.com\/\"},{\"@type\":\"ListItem\",\"position\":2,\"name\":\"Productos\"}]},{\"@type\":\"WebSite\",\"@id\":\"https:\/\/makawakirolak.com\/#website\",\"url\":\"https:\/\/makawakirolak.com\/\",\"name\":\"Makawa Kirolak\",\"description\":\" Makawa tienda de deporte.\",\"publisher\":{\"@id\":\"https:\/\/makawakirolak.com\/#organization\"},\"potentialAction\":[{\"@type\":\"SearchAction\",\"target\":{\"@type\":\"EntryPoint\",\"urlTemplate\":\"https:\/\/makawakirolak.com\/?s={search_term_string}\"},\"query-input\":{\"@type\":\"PropertyValueSpecification\",\"valueRequired\":true,\"valueName\":\"search_term_string\"}}],\"inLanguage\":\"eu\"},{\"@type\":\"Organization\",\"@id\":\"https:\/\/makawakirolak.com\/#organization\",\"name\":\"Makawa Kirolak\",\"url\":\"https:\/\/makawakirolak.com\/\",\"logo\":{\"@type\":\"ImageObject\",\"inLanguage\":\"eu\",\"@id\":\"https:\/\/makawakirolak.com\/#\/schema\/logo\/image\/\",\"url\":\"https:\/\/makawakirolak.com\/wp-content\/uploads\/2025\/04\/cropped-Design-sem-nome.png\",\"contentUrl\":\"https:\/\/makawakirolak.com\/wp-content\/uploads\/2025\/04\/cropped-Design-sem-nome.png\",\"width\":500,\"height\":186,\"caption\":\"Makawa Kirolak\"},\"image\":{\"@id\":\"https:\/\/makawakirolak.com\/#\/schema\/logo\/image\/\"}}]}<\/script>\n<!-- \/ Yoast SEO plugin. -->","yoast_head_json":{"title":"Productos - Makawa Kirolak","robots":{"index":"index","follow":"follow","max-snippet":"max-snippet:-1","max-image-preview":"max-image-preview:large","max-video-preview":"max-video-preview:-1"},"canonical":"https:\/\/makawakirolak.com\/eu\/productos\/","og_locale":"en_US","og_type":"article","og_title":"Productos - Makawa Kirolak","og_description":"Zapatillas Deportivas Running: Zapatillas con amortiguaci\u00f3n, transpirables y dise\u00f1adas para el m\u00e1ximo confort en cada carrera. F\u00fatbol y F\u00fatbol Sala: Botas con tacos para c\u00e9sped natural, multitaco para c\u00e9sped artificial y suelas especiales para sala. Baloncesto: Zapatillas con sujeci\u00f3n y amortiguaci\u00f3n \u00f3ptima para un mejor rendimiento en la cancha. Casual &amp; Lifestyle: Sneakers y zapatillas [&hellip;]","og_url":"https:\/\/makawakirolak.com\/eu\/productos\/","og_site_name":"Makawa Kirolak","article_modified_time":"2025-04-01T16:17:24+00:00","twitter_card":"summary_large_image","twitter_misc":{"Est. reading time":"1 minutua"},"schema":{"@context":"https:\/\/schema.org","@graph":[{"@type":"WebPage","@id":"https:\/\/makawakirolak.com\/productos\/","url":"https:\/\/makawakirolak.com\/productos\/","name":"Productos - Makawa Kirolak","isPartOf":{"@id":"https:\/\/makawakirolak.com\/#website"},"datePublished":"2024-10-01T09:41:33+00:00","dateModified":"2025-04-01T16:17:24+00:00","breadcrumb":{"@id":"https:\/\/makawakirolak.com\/productos\/#breadcrumb"},"inLanguage":"eu","potentialAction":[{"@type":"ReadAction","target":["https:\/\/makawakirolak.com\/productos\/"]}]},{"@type":"BreadcrumbList","@id":"https:\/\/makawakirolak.com\/productos\/#breadcrumb","itemListElement":[{"@type":"ListItem","position":1,"name":"Portada","item":"https:\/\/makawakirolak.com\/"},{"@type":"ListItem","position":2,"name":"Productos"}]},{"@type":"WebSite","@id":"https:\/\/makawakirolak.com\/#website","url":"https:\/\/makawakirolak.com\/","name":"Makawa Kirolak","description":"Makawa tienda de deporte.","publisher":{"@id":"https:\/\/makawakirolak.com\/#organization"},"potentialAction":[{"@type":"SearchAction","target":{"@type":"EntryPoint","urlTemplate":"https:\/\/makawakirolak.com\/?s={search_term_string}"},"query-input":{"@type":"PropertyValueSpecification","valueRequired":true,"valueName":"search_term_string"}}],"inLanguage":"eu"},{"@type":"Organization","@id":"https:\/\/makawakirolak.com\/#organization","name":"Makawa Kirolak","url":"https:\/\/makawakirolak.com\/","logo":{"@type":"ImageObject","inLanguage":"eu","@id":"https:\/\/makawakirolak.com\/#\/schema\/logo\/image\/","url":"https:\/\/makawakirolak.com\/wp-content\/uploads\/2025\/04\/cropped-Design-sem-nome.png","contentUrl":"https:\/\/makawakirolak.com\/wp-content\/uploads\/2025\/04\/cropped-Design-sem-nome.png","width":500,"height":186,"caption":"Makawa Kirolak"},"image":{"@id":"https:\/\/makawakirolak.com\/#\/schema\/logo\/image\/"}}]}},"_links":{"self":[{"href":"https:\/\/makawakirolak.com\/eu\/wp-json\/wp\/v2\/pages\/18","targetHints":{"allow":["GET"]}}],"collection":[{"href":"https:\/\/makawakirolak.com\/eu\/wp-json\/wp\/v2\/pages"}],"about":[{"href":"https:\/\/makawakirolak.com\/eu\/wp-json\/wp\/v2\/types\/page"}],"author":[{"embeddable":true,"href":"https:\/\/makawakirolak.com\/eu\/wp-json\/wp\/v2\/users\/5"}],"replies":[{"embeddable":true,"href":"https:\/\/makawakirolak.com\/eu\/wp-json\/wp\/v2\/comments?post=18"}],"version-history":[{"count":479,"href":"https:\/\/makawakirolak.com\/eu\/wp-json\/wp\/v2\/pages\/18\/revisions"}],"predecessor-version":[{"id":1649,"href":"https:\/\/makawakirolak.com\/eu\/wp-json\/wp\/v2\/pages\/18\/revisions\/1649"}],"wp:attachment":[{"href":"https:\/\/makawakirolak.com\/eu\/wp-json\/wp\/v2\/media?parent=18"}],"curies":[{"name":"wp","href":"https:\/\/api.w.org\/{rel}","templated":true}]}}